{"id":17,"date":"2018-03-19T19:50:33","date_gmt":"2018-03-19T18:50:33","guid":{"rendered":"http:\/\/corinnelandru.fr\/?page_id=17"},"modified":"2023-10-22T12:43:22","modified_gmt":"2023-10-22T10:43:22","slug":"a-propos-de","status":"publish","type":"page","link":"http:\/\/corinnelandru.fr\/index.php\/a-propos-de\/","title":{"rendered":"\u00c0 propos de"},"content":{"rendered":"<h4><span style=\"font-weight: 400;\">Mon parcours<\/span><\/h4>\n<h4><span style=\"font-weight: 400;\"><img decoding=\"async\" loading=\"lazy\" class=\"alignleft wp-image-716 \" src=\"http:\/\/corinnelandru.fr\/wp-content\/uploads\/2023\/10\/1000021652-04-768x1024.jpeg\" alt=\"\" width=\"152\" height=\"202\" srcset=\"http:\/\/corinnelandru.fr\/wp-content\/uploads\/2023\/10\/1000021652-04-768x1024.jpeg 768w, http:\/\/corinnelandru.fr\/wp-content\/uploads\/2023\/10\/1000021652-04-225x300.jpeg 225w, http:\/\/corinnelandru.fr\/wp-content\/uploads\/2023\/10\/1000021652-04-1152x1536.jpeg 1152w, http:\/\/corinnelandru.fr\/wp-content\/uploads\/2023\/10\/1000021652-04-1536x2048.jpeg 1536w, http:\/\/corinnelandru.fr\/wp-content\/uploads\/2023\/10\/1000021652-04-scaled.jpeg 1920w\" sizes=\"(max-width: 152px) 100vw, 152px\" \/><\/span><\/h4>\n<span style=\"font-weight: 400;\">Apr\u00e8s une premi\u00e8re vie professionnelle dans le management et la gestion h\u00f4teli\u00e8re puis immobili\u00e8re pour \u00e9tudiants, je d\u00e9cide, suite \u00e0 une petite ann\u00e9e en tant qu\u2019expatri\u00e9e au Br\u00e9sil, de r\u00e9\u00e9valuer ma vision du travail afin d\u2019harmoniser ma sph\u00e8re priv\u00e9e et professionnelle.<\/span>\n\n<span style=\"font-weight: 400;\">Mon exp\u00e9rience professionnelle en tant qu\u2019encadrante \u00e9ducative et mes diff\u00e9rentes formations li\u00e9es au handicap et \u00e0 l\u2019autisme me permettent d\u2019accompagner les personnes pr\u00e9sentant des troubles envahissants du comportement afin de faciliter leur gestion \u00e9motionnelle et faciliter la compr\u00e9hension de nos codes sociaux pour vivre plus en harmonie leur sp\u00e9cificit\u00e9s.<\/span>\n\n<span style=\"font-weight: 400;\">J\u2019utilise essentiellement le courant de pens\u00e9e Gestalt et de la Psychoth\u00e9rapie Int\u00e9grative car si comprendre est utile pour un accompagnement th\u00e9rapeutique il n\u2019est pas suffisant. Le savoir \u00eatre permet de mettre en place une th\u00e9rapie unique en fonction de ce qu\u2019il est pour chaque pe<\/span><span style=\"font-weight: 400;\">rsonne.\n<\/span>\n<div dir=\"auto\">\n<div dir=\"auto\">Depuis 2014 en lib\u00e9ral\u00a0 sur Dieppe\u00a0 apr\u00e8s avoir travaill\u00e9 sur Paris en lib\u00e9ral et Rouen en association.<\/div>\n<\/div>\nJ\u2019accompagne les personnes en psychoth\u00e9rapie individuelle ou en th\u00e9rapie de couple, en difficult\u00e9s relationnelles, \u00e9motionnelles ou sexuelles.\n<div dir=\"auto\">Mon approche de la th\u00e9rapie est int\u00e9grative en consid\u00e9rant toutes les dimensions de l\u2019\u00catre (physique, \u00e9motionnelle, relationnelle, cognitive et spirituelle).<\/div>\n<div dir=\"auto\"><\/div>\n<div dir=\"auto\">\n<div dir=\"auto\">Je fais partie du r\u00e9seau de professionnels r\u00e9f\u00e9renc\u00e9s par l\u2019association GPS des DYS pr\u00e9sente sur toute la Seine Maritime, qui accompagnent les enfants \u00ab dys \u00bbet \u00ab TDAH \u00bb.<\/div>\n<div dir=\"auto\">Je ne r\u00e9alise pas de tests, je travaille en collaboration avec des neuropsychologues et psychiatres.<\/div>\n<div dir=\"auto\"><\/div>\n<\/div>\n<div dir=\"auto\"><\/div>\n<div dir=\"auto\">Pour r\u00e9pondre aux exigences de la pratique en psychoth\u00e9rapie, j&rsquo;effectue une supervision r\u00e9guli\u00e8re ainsi que des co-visions avec mes pairs et un travail r\u00e9gulier sur moi-m\u00eame.<\/div>\n<div dir=\"auto\"><\/div>\n<div dir=\"auto\">Je poursuit le processus d\u2019apprentissage chaque ann\u00e9e en formation continue.<\/div>\n\n<ul>\n \t<li>\u00c9co-th\u00e9rapeute \/ Sylvoth\u00e9rapeute\nFormation PSYRIS \/ LM TERRA<\/li>\n \n \t<li>Psychopraticienne\nFormation \u00e0 IFAS Gestalt Int\u00e9grative\/INDIGO FORMATION Psychoth\u00e9rapie Integrative<\/li>\n \n \t<li>Th\u00e9rapeute de couple\nFormation \u00e0 IFAS Gestalt Int\u00e9grative\/CECCOF Syst\u00e9mie\/Approche Imago<\/li>\n \n \t<li>Sexoth\u00e9rapeute\nFormation PSYNAPSE Sexo Analyse\/INDIGO FORMATION Psychoth\u00e9rapie Integrative<\/li>\n \n \t<li>M\u00e9diatrice Familiale\nEPE PARIS<\/li>\n<\/ul>\n\n<h4><span class=\"gmail-m_-7213749432939593991gmail-Aucun\"><img decoding=\"async\" loading=\"lazy\" class=\" wp-image-416 alignright\" src=\"http:\/\/corinnelandru.fr\/wp-content\/uploads\/2018\/10\/kilarov-zaneit-622424-unsplash-199x300.jpg\" alt=\"\" width=\"190\" height=\"286\" srcset=\"http:\/\/corinnelandru.fr\/wp-content\/uploads\/2018\/10\/kilarov-zaneit-622424-unsplash-199x300.jpg 199w, http:\/\/corinnelandru.fr\/wp-content\/uploads\/2018\/10\/kilarov-zaneit-622424-unsplash-768x1156.jpg 768w, http:\/\/corinnelandru.fr\/wp-content\/uploads\/2018\/10\/kilarov-zaneit-622424-unsplash-680x1024.jpg 680w\" sizes=\"(max-width: 190px) 100vw, 190px\" \/><\/span><\/h4>\n<span class=\"s1\">Le code de d\u00e9ontologie pr\u00e9cise et s\u00e9curise la relation entre patient et th\u00e9rapeute.<\/span>\n<h4><span class=\"gmail-m_-7213749432939593991gmail-Aucun\">Psychoth\u00e9rapie d\u2019orientation Gestalt<\/span><\/h4>\n<span class=\"gmail-m_-7213749432939593991gmail-Aucun\">La Gestalt-th\u00e9rapie est une\u00a0m\u00e9thode de psychoth\u00e9rapie de courant humaniste, issue des travaux du psychiatre allemand Fritz Perls<\/span><span class=\"gmail-m_-7213749432939593991gmail-Aucun\"><span lang=\"NL\">.<\/span><\/span><span class=\"gmail-m_-7213749432939593991gmail-Aucun\">\u00a0Gestalt vient du verbe allemand\u00a0<\/span><span class=\"gmail-m_-7213749432939593991gmail-Aucun\"><span lang=\"NL\">\u00ab<\/span><\/span><span class=\"gmail-m_-7213749432939593991gmail-Aucun\">gestalten<\/span><span class=\"gmail-m_-7213749432939593991gmail-Aucun\"><span lang=\"NL\">\u00bb<\/span><\/span><span class=\"gmail-m_-7213749432939593991gmail-Aucun\">\u00a0qui signifie \u00ab\u00a0mettre en forme, donner une structure<\/span><span class=\"gmail-m_-7213749432939593991gmail-Aucun\"><span lang=\"NL\">\u00a0\u00bb.<\/span><\/span>\n\n<span class=\"gmail-m_-7213749432939593991gmail-Aucun\">\u00a0<\/span><span class=\"gmail-m_-7213749432939593991gmail-Aucun\">La Gestalt est une th\u00e9rapie du mouvement.\u00a0Elle s&rsquo;int\u00e9resse au processus plus qu&rsquo;au pourquoi. Elle met l\u2019accent sur la prise de conscience du processus en cours dans l\u2019ici et maintenant de chaque situation ; elle souligne le sens de la responsabilit\u00e9 et r\u00e9habilite le ressenti \u00e9motionnel, encore souvent r\u00e9prouv\u00e9 par la culture occidentale surtout si l\u2019\u00e9motion n\u2019es<\/span><span class=\"gmail-m_-7213749432939593991gmail-Aucun\"><span lang=\"NL\">t<\/span><\/span><span class=\"gmail-m_-7213749432939593991gmail-Aucun\">\u00a0pas \u00abpositive\u00bb.<\/span>\n\n<span class=\"gmail-m_-7213749432939593991gmail-Aucun\">C&rsquo;est une d\u00e9marche qui permet d&rsquo;explorer les difficult\u00e9s existentielles et aussi les probl\u00e8mes concrets de la vie, dans un cadre soutenant<\/span><span class=\"gmail-m_-7213749432939593991gmail-Aucun\">\u00a0<\/span><span class=\"gmail-m_-7213749432939593991gmail-Aucun\">et bienveillant. Elle permet le rep\u00e9rage de nos processus de blocage et d\u00e9voile nos inhibitions, nos \u00e9vitements ainsi que nos illusions persistantes.<\/span>\n\n<span class=\"gmail-m_-7213749432939593991gmail-Aucun\">La Gestalt favorise un contact authentique avec les autres. Avec l\u2019aide du th\u00e9rapeute vous allez regarder\u00a0la fa\u00e7on dont vous entrez en contact avec les autres et avec votre environnement, comment vous vous ajustez de mani\u00e8re fluide ou non \u00e0 ce qui se pr\u00e9sente dans votre vie.<\/span>\n\n<span class=\"gmail-m_-7213749432939593991gmail-Aucun\">\u00a0<\/span><span class=\"gmail-m_-7213749432939593991gmail-Aucun\">L&rsquo;objectif de votre th\u00e9rapie est de vous permettre de rester\u00a0centr\u00e9 et \u00eatre confiant,\u00a0de pouvoir discerner ce qui est bon pour vous et de faire les choix ajust\u00e9s sans nuire \u00e0 votre entourage. Elle vous permet d\u2019exp\u00e9rimenter des pistes de solutions : \u00e0 la recherche du savoir\u00a0<\/span><span class=\"gmail-m_-7213749432939593991gmail-Aucun\"><span lang=\"NL\">\u00ab<\/span><\/span><span class=\"gmail-m_-7213749432939593991gmail-Aucun\">pourquoi<\/span><span class=\"gmail-m_-7213749432939593991gmail-Aucun\"><span lang=\"NL\">\u00bb<\/span><\/span><span class=\"gmail-m_-7213749432939593991gmail-Aucun\">, elle ajoute le sentir\u00a0<\/span><span class=\"gmail-m_-7213749432939593991gmail-Aucun\"><span lang=\"NL\">\u00ab<\/span><\/span><span class=\"gmail-m_-7213749432939593991gmail-Aucun\">comment<\/span><span class=\"gmail-m_-7213749432939593991gmail-Aucun\"><span lang=\"NL\">\u00bb<\/span><\/span><span class=\"gmail-m_-7213749432939593991gmail-Aucun\">, qui est mobilisateur de changement.\n<\/span>\n\n<span class=\"gmail-m_-7213749432939593991gmail-Aucun\"><b>Pourquoi faire une Gestalt-th\u00e9rapie :<\/b><\/span>\n\n<span class=\"gmail-m_-7213749432939593991gmail-Aucun\">&#8211;\u00a0 parce que vous souhaitez travailler sur la confiance en vous et vos ressources<\/span>\n\n<span class=\"gmail-m_-7213749432939593991gmail-Aucun\">&#8211;\u00a0 parce que vous souhaitez mieux vous connaitre et\u00a0apprendre \u00e0 vous aimer<\/span>\n\n<span class=\"gmail-m_-7213749432939593991gmail-Aucun\">&#8211;\u00a0 parce que vous \u00eates insatisfait dans votre vie sans vraiment en comprendre les raisons<\/span>\n\n<span class=\"gmail-m_-7213749432939593991gmail-Aucun\">&#8211;\u00a0 parce que vous traversez une \u00e9preuve difficile (maladie, deuil, ch\u00f4mage, s\u00e9paration&#8230;)<\/span>\n\n<span class=\"gmail-m_-7213749432939593991gmail-Aucun\">&#8211;\u00a0 parce que vous voulez am\u00e9liorer vos relations avec les autres et rendre plus fluide votre communication<\/span>\n\n<span class=\"gmail-m_-7213749432939593991gmail-Aucun\">&#8211;\u00a0 parce que vous voulez cesser de reproduire des situations qui ne vous correspondent plus<\/span>\n\n<span class=\"gmail-m_-7213749432939593991gmail-Aucun\">&#8211;\u00a0 parce que vous voulez donner un sens plus positif \u00e0 votre vie<\/span>\n\n<span class=\"gmail-m_-7213749432939593991gmail-Aucun\">&#8211;\u00a0 parce que vous voulez stopper un comportement qui ne vous plait plus<\/span>\n\n<span class=\"gmail-m_-7213749432939593991gmail-Aucun\">&#8211;\u00a0 parce que vous souhaitez donner un nouvel \u00e9lan \u00e0 votre couple ou trouver un fonctionnement plus ajust\u00e9<\/span>\n\n<span class=\"gmail-m_-7213749432939593991gmail-Aucun\">La psychoth\u00e9rapie Gestalt s\u2019adresse aussi bien aux adultes qu\u2019aux adolescents qui cherchent un \u00e9quilibre entre famille d\u2019attache et<\/span><span class=\"gmail-m_-7213749432939593991gmail-Aucun\">\u00a0<\/span><span class=\"gmail-m_-7213749432939593991gmail-Aucun\">son envol.<\/span>\n<h4 class=\"p2\"><span class=\"s1\">Code de d\u00e9ontologie<\/span><\/h4>\n<p class=\"p3\"><span class=\"s1\">(Code de d\u00e9ontologie\u00a0<\/span><span class=\"s1\">de la FF2P, adapt\u00e9 par l\u2019IFAS Ecole Humaniste de Gestalt)<\/span><\/p>\n<img decoding=\"async\" loading=\"lazy\" class=\"size-medium wp-image-359 alignleft\" src=\"http:\/\/corinnelandru.fr\/wp-content\/uploads\/2018\/09\/luke-palmer-305434-unsplash-300x200.jpg\" alt=\"\" width=\"300\" height=\"200\" srcset=\"http:\/\/corinnelandru.fr\/wp-content\/uploads\/2018\/09\/luke-palmer-305434-unsplash-300x200.jpg 300w, http:\/\/corinnelandru.fr\/wp-content\/uploads\/2018\/09\/luke-palmer-305434-unsplash-768x512.jpg 768w, http:\/\/corinnelandru.fr\/wp-content\/uploads\/2018\/09\/luke-palmer-305434-unsplash-1024x683.jpg 1024w, http:\/\/corinnelandru.fr\/wp-content\/uploads\/2018\/09\/luke-palmer-305434-unsplash-272x182.jpg 272w\" sizes=\"(max-width: 300px) 100vw, 300px\" \/>\n<p class=\"p1\"><span class=\"s1\"><b>1 &#8211; CHAMP D&rsquo;APPLICATION<\/b><\/span><\/p>\n<p class=\"p3\"><span class=\"s1\">Les r\u00e8gles de d\u00e9ontologie ci-dessous engagent tous les formateurs, ainsi que les \u00e9tudiants et ex-\u00e9tudiants de l\u2019IFAS.<\/span><\/p>\n<p class=\"p1\"><span class=\"s1\"><b>2 &#8211; LA PROFESSION DE GESTALT-TH\u00c9RAPEUTE<\/b><\/span><\/p>\n<p class=\"p1\"><span class=\"s1\">La profession de Gestalt-th\u00e9rapeute est une discipline sp\u00e9cifique du domaine des sciences humaines. Elle implique un diagnostic et une strat\u00e9gie globale et explicite de traitement des troubles psychologiques, sociaux et psychosomatiques. Les m\u00e9thodes utilis\u00e9es reposent sur des th\u00e9ories scientifiques de psychoth\u00e9rapie. Par le biais d&rsquo;une interaction entre un ou plusieurs patients\/clients et un ou plusieurs Gestalt-th\u00e9rapeutes, ce traitement a pour objectif de d\u00e9clencher un processus th\u00e9rapeutique permettant des changements et une \u00e9volution \u00e0 long terme. La profession de Gestalt-th\u00e9rapeute se caract\u00e9rise par l&rsquo;implication du th\u00e9rapeute dans la r\u00e9alisation des objectifs pr\u00e9cit\u00e9s. Le Gestalt-th\u00e9rapeute est tenu d&rsquo;utiliser sa comp\u00e9tence dans le respect des valeurs et de la dignit\u00e9 de son patient\/client au mieux des int\u00e9r\u00eats de ce dernier.<\/span><\/p>\n<p class=\"p3\"><span class=\"s1\">Le Gestalt-th\u00e9rapeute doit indiquer son niveau de qualification dans la sp\u00e9cialit\u00e9 o\u00f9 il a \u00e9t\u00e9 form\u00e9.<\/span><\/p>\n<p class=\"p1\"><span class=\"s1\"><b>3 &#8211; COMPETENCE PROFESSIONNELLE ET PERFECTIONNEMENT<\/b><\/span><\/p>\n<p class=\"p1\"><span class=\"s1\">Le Gestalt-th\u00e9rapeute doit exercer sa profession de mani\u00e8re comp\u00e9tente et dans le respect de l&rsquo;\u00e9thique. Il doit se tenir au courant des recherches et du d\u00e9veloppement scientifique de la psychoth\u00e9rapie &#8211; ce qui implique une formation continue permanente.<\/span><\/p>\n<p class=\"p3\"><span class=\"s1\">Le Gestalt-th\u00e9rapeute est tenu de ne pratiquer que les m\u00e9thodes de traitement et dans les domaines de la psychoth\u00e9rapie pour lesquels il peut justifier de connaissances et d&rsquo;une exp\u00e9rience suffisante.<\/span><\/p>\n<p class=\"p1\"><span class=\"s1\"><b>4 &#8211; SECRET PROFESSIONNEL<\/b><\/span><\/p>\n<p class=\"p3\"><span class=\"s1\">Le Gestalt-th\u00e9rapeute et son \u00e9quipe \u00e9ventuelle sont soumis au secret professionnel absolu concernant tout ce qui leur est confi\u00e9 dans l&rsquo;exercice de leur profession. Cette m\u00eame obligation s&rsquo;applique dans le cadre de la supervision.<\/span><\/p>\n<p class=\"p1\"><span class=\"s1\"><b>5 &#8211; CADRE DE LA THERAPIE<\/b><\/span><\/p>\n<p class=\"p1\"><span class=\"s1\">D\u00e8s le d\u00e9but de la th\u00e9rapie, le Gestalt-th\u00e9rapeute doit attirer l&rsquo;attention de son client sur ses droits et souligner les points suivants :<\/span><\/p>\n<p class=\"p1\"><span class=\"s1\">&#8211; type de m\u00e9thode employ\u00e9 (s&rsquo;il le juge appropri\u00e9 \u00e0 la situation du client). Il pr\u00e9cise les conditions de travail (y compris les conditions d&rsquo;annulation ou d&rsquo;arr\u00eat),<\/span><\/p>\n<p class=\"p1\"><span class=\"s1\">&#8211; dur\u00e9e pr\u00e9sum\u00e9e du traitement,<\/span><\/p>\n<p class=\"p1\"><span class=\"s1\">&#8211; conditions financi\u00e8res (honoraires, prises en charge, r\u00e8glement des s\u00e9ances manqu\u00e9es),<\/span><\/p>\n<p class=\"p1\"><span class=\"s1\">&#8211; secret professionnel,<\/span><\/p>\n<p class=\"p1\"><span class=\"s1\">&#8211; possibilit\u00e9 de recours en cas de litige.<\/span><\/p>\n<p class=\"p1\"><span class=\"s1\">Le patient\/client doit pouvoir d\u00e9cider lui-m\u00eame si et avec qui il veut entreprendre un traitement (libre choix du th\u00e9rapeute).<\/span><\/p>\n<p class=\"p1\"><span class=\"s1\">Le Gestalt-th\u00e9rapeute est dans l&rsquo;obligation d&rsquo;assumer ses responsabilit\u00e9s compte tenu des conditions particuli\u00e8res de confiance et de d\u00e9pendance qui caract\u00e9risent la relation th\u00e9rapeutique. Il y a abus de cette relation \u00e0 partir du moment o\u00f9 le Gestalt-th\u00e9rapeute manque \u00e0 son devoir et \u00e0 sa responsabilit\u00e9 envers son patient\/client pour satisfaire son int\u00e9r\u00eat personnel (par exemple, sur le plan sexuel, \u00e9motionnel, social ou \u00e9conomique). Toute forme d&rsquo;abus repr\u00e9sente une infraction aux directives d\u00e9ontologiques sp\u00e9cifiques concernant la profession de Gestalt-th\u00e9rapeute.<\/span><\/p>\n<p class=\"p3\"><span class=\"s1\">L&rsquo;enti\u00e8re responsabilit\u00e9 des abus incombe au Gestalt-th\u00e9rapeute. Tout agissement irresponsable dans le cadre de la relation de confiance et de d\u00e9pendance cr\u00e9\u00e9e par la psychoth\u00e9rapie constitue une grave faute professionnelle.<\/span><\/p>\n<p class=\"p1\"><span class=\"s1\"><b>6 &#8211; OBLIGATION DE FOURNIR DES INFORMATIONS EXACTES ET OBJECTIVES<\/b><\/span><\/p>\n<p class=\"p1\"><span class=\"s1\">Les informations fournies au patient\/client concernant les conditions dans lesquelles se d\u00e9roule le traitement doivent \u00eatre exactes, objectives et reposer sur des faits. Toute publicit\u00e9 mensong\u00e8re est interdite. Exemples :<\/span><\/p>\n<p class=\"p1\"><span class=\"s1\">&#8211; promesses irr\u00e9alistes de gu\u00e9rison,<\/span><\/p>\n<p class=\"p3\"><span class=\"s1\">&#8211; r\u00e9f\u00e9rence \u00e0 de nombreuses approches th\u00e9rapeutiques diff\u00e9rentes, ce qui laisserait supposer une formation plus \u00e9tendue qu&rsquo;elle ne l&rsquo;est en r\u00e9alit\u00e9 (formations entam\u00e9es et non termin\u00e9es).<\/span><\/p>\n<p class=\"p1\"><span class=\"s1\"><b>7 &#8211; RELATIONS PROFESSIONNELLES AVEC LES COLLEGUES<\/b><\/span><\/p>\n<p class=\"p3\"><span class=\"s1\">Si n\u00e9cessaire, le Gestalt-th\u00e9rapeute doit travailler de mani\u00e8re interdisciplinaire avec des repr\u00e9sentants d&rsquo;autres sciences, dans l&rsquo;int\u00e9r\u00eat du patient\/client.<\/span><\/p>\n<p class=\"p1\"><span class=\"s1\"><b>8 &#8211; PRINCIPES DEONTOLOGIQUES CONCERNANT LA FORMATION<\/b><\/span><\/p>\n<p class=\"p3\"><span class=\"s1\">Ces principes d\u00e9ontologiques s&rsquo;appliquent \u00e9galement, par analogie, aux rapports entre formateurs et \u00e9l\u00e8ves.<\/span><\/p>\n<p class=\"p1\"><span class=\"s1\"><b>9 &#8211; CONTRIBUTION A LA SANTE PUBLIQUE<\/b><\/span><\/p>\n<p class=\"p3\"><span class=\"s1\">La responsabilit\u00e9 des Gestalt-th\u00e9rapeutes au niveau de la soci\u00e9t\u00e9 exige qu&rsquo;ils travaillent \u00e0 contribuer au maintien et \u00e0 l&rsquo;\u00e9tablissement de conditions de vie susceptibles de promouvoir, sauvegarder et r\u00e9tablir la sant\u00e9 psychique, la maturation et l&rsquo;\u00e9panouissement de l&rsquo;\u00eatre humain.<\/span><\/p>\n<p class=\"p1\"><span class=\"s1\"><b>10 &#8211; RECHERCHE EN PSYCHOTHERAPIE<\/b><\/span><\/p>\n<p class=\"p1\"><span class=\"s1\">Afin de promouvoir l&rsquo;\u00e9volution scientifique de la psychoth\u00e9rapie et l&rsquo;\u00e9tude de ses effets, le Gestalt-th\u00e9rapeute doit, dans la mesure du possible, collaborer \u00e0 des travaux de recherche entrepris dans ce sens.<\/span><\/p>\n<p class=\"p3\"><span class=\"s1\">Les principes d\u00e9ontologiques d\u00e9finis plus haut doivent \u00e9galement \u00eatre respect\u00e9s \u00e0 l&rsquo;occasion de ces travaux de recherche et lors de leur publication. Les int\u00e9r\u00eats du patient\/client restent prioritaires.<\/span><\/p>\n<p class=\"p1\"><span class=\"s1\"><b>11 &#8211; INFRACTIONS AUX REGLES DE DEONTOLOGIE<\/b><\/span><\/p>\n<p class=\"p1\"><span class=\"s1\">L\u2019IFAS a mis en place une instance de recours et d&rsquo;arbitrage en cas de litige.<\/span><\/p>\n<span style=\"color: #dbd3ce;\">Th\u00e9rapeute SAFE &#8211; transgenre &#8211; genderfluide &#8211; agenre &#8211; orientation sexuelle &#8211; non binaire <\/span><span style=\"color: #dbd3ce; font-size: inherit;\">&#8211; Queer &#8211; intersex &#8211; LGBT &#8211; bisexuel &#8211; lesbiennes &#8211; gays &#8211; trans &#8211; pansexuelle &#8211; identit\u00e9 sexuelle &#8211; abus sexuels &#8211; z\u00e8bres &#8211; HP &#8211; surdou\u00e9s &#8211; TDAH &#8211; crise de la quarantaine &#8211; crise de milieu de vie &#8211; deuils &#8211; d\u00e9pressions &#8211; th\u00e9rapie de couple &#8211; addictions &#8211; drogue &#8211; alcoolisme &#8211; boulimie &#8211; anorexie &#8211; hyperphagie &#8211; angoisses &#8211; scarifications &#8211; violences conjugales &#8211; abus sexuels &#8211; autisme &#8211; asperger &#8211; famille recompons\u00e9e &#8211; burn-out &#8211; bipolaire &#8211; bipolarit\u00e9 &#8211; psychologue &#8211; psychiatre &#8211; sexologue &#8211; psychoth\u00e9rapeute\u00a0<\/span>\n\n<span style=\"color: #dbd3ce;\">Dieppe &#8211; Rouen &#8211; Yvetot &#8211; Eu &#8211; Le Tr\u00e9port &#8211; Saint-Valery-en-Caux<\/span>","protected":false},"excerpt":{"rendered":"<p>Mon parcours Apr\u00e8s une premi\u00e8re vie professionnelle dans le management et la gestion h\u00f4teli\u00e8re puis immobili\u00e8re pour \u00e9tudiants, je d\u00e9cide, suite \u00e0 une petite ann\u00e9e en tant qu\u2019expatri\u00e9e au Br\u00e9sil, de r\u00e9\u00e9valuer ma vision du travail afin d\u2019harmoniser ma sph\u00e8re priv\u00e9e et professionnelle. Mon exp\u00e9rience professionnelle en tant qu\u2019encadrante \u00e9ducative et mes diff\u00e9rentes formations li\u00e9es [&hellip;]<\/p>\n","protected":false},"author":1,"featured_media":0,"parent":0,"menu_order":0,"comment_status":"closed","ping_status":"closed","template":"","meta":{"footnotes":""},"_links":{"self":[{"href":"http:\/\/corinnelandru.fr\/index.php\/wp-json\/wp\/v2\/pages\/17"}],"collection":[{"href":"http:\/\/corinnelandru.fr\/index.php\/wp-json\/wp\/v2\/pages"}],"about":[{"href":"http:\/\/corinnelandru.fr\/index.php\/wp-json\/wp\/v2\/types\/page"}],"author":[{"embeddable":true,"href":"http:\/\/corinnelandru.fr\/index.php\/wp-json\/wp\/v2\/users\/1"}],"replies":[{"embeddable":true,"href":"http:\/\/corinnelandru.fr\/index.php\/wp-json\/wp\/v2\/comments?post=17"}],"version-history":[{"count":21,"href":"http:\/\/corinnelandru.fr\/index.php\/wp-json\/wp\/v2\/pages\/17\/revisions"}],"predecessor-version":[{"id":720,"href":"http:\/\/corinnelandru.fr\/index.php\/wp-json\/wp\/v2\/pages\/17\/revisions\/720"}],"wp:attachment":[{"href":"http:\/\/corinnelandru.fr\/index.php\/wp-json\/wp\/v2\/media?parent=17"}],"curies":[{"name":"wp","href":"https:\/\/api.w.org\/{rel}","templated":true}]}}